{"id":515,"date":"2017-12-26T15:32:31","date_gmt":"2017-12-26T14:32:31","guid":{"rendered":"https:\/\/www.residenzaveneziana.com\/emplacement\/"},"modified":"2018-01-02T11:52:17","modified_gmt":"2018-01-02T10:52:17","slug":"emplacement","status":"publish","type":"page","link":"https:\/\/www.residenzaveneziana.com\/fr\/emplacement\/","title":{"rendered":"Emplacement"},"content":{"rendered":"<p>[vc_row css_animation=\u00a0\u00bb\u00a0\u00bb row_type=\u00a0\u00bbrow\u00a0\u00bb use_row_as_full_screen_section=\u00a0\u00bbno\u00a0\u00bb type=\u00a0\u00bbfull_width\u00a0\u00bb angled_section=\u00a0\u00bbno\u00a0\u00bb text_align=\u00a0\u00bbleft\u00a0\u00bb background_image_as_pattern=\u00a0\u00bbwithout_pattern\u00a0\u00bb][vc_column][vc_column_text]<div id=\"wpgmza_map\" class=\"wpgmza_map\" data-settings='{\"id\":\"1\",\"map_title\":\"My first map\",\"map_width\":\"100\",\"map_height\":\"900\",\"map_start_lat\":\"45.435562\",\"map_start_lng\":\"12.343305\",\"map_start_location\":\"45.435561944876795,12.343304625246674\",\"map_start_zoom\":\"15\",\"default_marker\":\"0\",\"type\":\"1\",\"alignment\":\"2\",\"directions_enabled\":\"1\",\"styling_enabled\":\"0\",\"styling_json\":\"\",\"active\":\"0\",\"kml\":\"\",\"bicycle\":\"0\",\"traffic\":\"0\",\"dbox\":\"1\",\"dbox_width\":\"100\",\"listmarkers\":\"0\",\"listmarkers_advanced\":\"0\",\"filterbycat\":\"0\",\"ugm_enabled\":\"0\",\"ugm_category_enabled\":\"0\",\"fusion\":\"\",\"map_width_type\":\"\\\\%\",\"map_height_type\":\"px\",\"mass_marker_support\":\"1\",\"ugm_access\":\"0\",\"order_markers_by\":\"1\",\"order_markers_choice\":\"2\",\"show_user_location\":\"0\",\"default_to\":\"\",\"other_settings\":{\"store_locator_enabled\":2,\"store_locator_distance\":2,\"store_locator_default_radius\":\"10\",\"store_locator_not_found_message\":\"No results found in this location. Please try again.\",\"store_locator_bounce\":1,\"store_locator_query_string\":\"CAP \\\/ Indirizzo:\",\"store_locator_default_address\":\"\",\"wpgmza_store_locator_restrict\":\"\",\"map_max_zoom\":\"1\",\"transport_layer\":0,\"wpgmza_theme_data\":\"[ { \\\\\\\"featureType\\\\\\\": \\\\\\\"poi\\\\\\\", \\\\\\\"stylers\\\\\\\": [ { \\\\\\\"visibility\\\\\\\": \\\\\\\"off\\\\\\\" } ] } ]\",\"wpgmza_show_points_of_interest\":1}}' data-map-id='1' Data-maps-engine='' data-shortcode-attributes='{\"id\":\"1\"}' style=\"display:block; overflow:auto; width:100%; height:900px; float:left;\"><\/div>[\/vc_column_text][\/vc_column][\/vc_row][vc_row css_animation=\u00a0\u00bb\u00a0\u00bb row_type=\u00a0\u00bbrow\u00a0\u00bb use_row_as_full_screen_section=\u00a0\u00bbno\u00a0\u00bb type=\u00a0\u00bbgrid\u00a0\u00bb angled_section=\u00a0\u00bbno\u00a0\u00bb text_align=\u00a0\u00bbleft\u00a0\u00bb background_image_as_pattern=\u00a0\u00bbwithout_pattern\u00a0\u00bb padding_top=\u00a0\u00bb40&Prime;][vc_column][vc_column_text]<\/p>\n<h2>Comment rejoindre la r\u00e9sidence<\/h2>\n<p>[\/vc_column_text][vc_column_text]La Residenza Veneziana se trouve pr\u00e8s de l\u2019\u00e9glise de San Zaccaria, et \u00e0 quelques pas de la place Saint Marc et du Pont des Soupirs, dans un cadre v\u00e9nitien typique, consitu\u00e9 de l\u2019entrem\u00ealement de ponts et de canaux. Un quartier dans lequel l\u2019\u00e2me de la Venise authentique ressort, loin du vacarme des itin\u00e9raires touristiques, et en m\u00eame temps int\u00e9ressant puisque voisin des principaux sites historiques et culturels.[\/vc_column_text][\/vc_column][\/vc_row][vc_row css_animation=\u00a0\u00bb\u00a0\u00bb row_type=\u00a0\u00bbrow\u00a0\u00bb use_row_as_full_screen_section=\u00a0\u00bbno\u00a0\u00bb type=\u00a0\u00bbgrid\u00a0\u00bb angled_section=\u00a0\u00bbno\u00a0\u00bb text_align=\u00a0\u00bbleft\u00a0\u00bb background_image_as_pattern=\u00a0\u00bbwithout_pattern\u00a0\u00bb padding_top=\u00a0\u00bb25&Prime; padding_bottom=\u00a0\u00bb60&Prime;][vc_column css=\u00a0\u00bb.vc_custom_1495189978735{padding-right: 20px !important;}\u00a0\u00bb][vc_row_inner row_type=\u00a0\u00bbrow\u00a0\u00bb type=\u00a0\u00bbfull_width\u00a0\u00bb text_align=\u00a0\u00bbleft\u00a0\u00bb css_animation=\u00a0\u00bb\u00a0\u00bb][vc_column_inner width=\u00a0\u00bb1\/4&Prime;]<span data-type=\"circle\" data-hover-bg-color=\"#95302f\" data-hover-icon-color=\"#ffffff\" class=\"qode_icon_shortcode fa-stack q_font_awsome_icon_stack fa-4x pull-center \" style=\" \"><i class=\"fa fa-circle fa-stack-base fa-stack-2x\" style=\"color: #95302f;\"><\/i><i class=\"qode_icon_font_awesome fa fa-plane qode_icon_element fa-stack-1x\" style=\"color: #ffffff;\" ><\/i><\/span>[\/vc_column_inner][vc_column_inner width=\u00a0\u00bb3\/4&Prime;][vc_empty_space height=\u00a0\u00bb5px\u00a0\u00bb][vc_column_text]<\/p>\n<h3>POUR CEUX ARRIVANT EN AVION<\/h3>\n<p>[\/vc_column_text][vc_column_text]Le meilleur moyen de rejoindre Residenza Veneziana depuis l\u2019a\u00e9roport est de prendre le bateau ALILAGUNA sur la ligne bleue (http:\/\/www.alilaguna.it\/en\/linea-blu\/blu- timetable) et de descendre \u00e0 San Marco San Zaccaria. Le prix du billet est de 15\u20ac (14\u20ac si vous r\u00e9servez en ligne).<\/p>\n<p>Descendez \u00e0 la station San Zaccaria et prenez Calle delle Rasse (entre l\u2019h\u00f4tel Danieli et l\u2019h\u00f4tel Excelsior Danieli). Marchez tout droit et en fin de la rue tournez \u00e0 droite, puis traversez un petit pont et tournez \u00e0 gauche avant le bar BACARO RISORTO. Continuez dans cette rue jusqu\u2019\u00e0 ce que vous atteigniez le canal et l\u00e0 vous trouverez Residenza Veneziana sur votre droite.<br \/>\nUne route alternative serait de prendre le bus ACTV num\u00e9ro 5 ou le bus ATVO (8\u20ac) depuis l\u2019a\u00e9roport Marco Polo jusqu\u2019\u00e0 Piazzale Roma (Station de bus de Venise). Depuis l\u2019arr\u00eat de bus vous pouvez prendre le bus aquatique \u201cvaporetto\u201d(7,50\u20ac) num\u00e9ro 1,2 ou N, direction San Marco. Le num\u00e9ro 2 restant la meilleure solution \u00e9tant donn\u00e9 qu\u2019il est plus rapide que le service du num\u00e9ro 1.<br \/>\nVous devrez descendre \u00e0 San Marco San Zaccaria (non pas \u00e0 San Marco Vallaresso) et prendre Calle delle Rasse (entre l\u2019h\u00f4tel Danieli et l\u2019h\u00f4tel Excelsior Danieli). Marchez tout droit et en fin de la rue tournez \u00e0 droite, puis traversez un petit pont et tournez \u00e0 gauche avant le bar BACARO RISORTO. Continuez dans cette rue jusqu\u2019\u00e0 ce que vous atteigniez le canal et l\u00e0 vous trouverez Residenza Veneziana sur votre droite.<br \/>\nSi vous atterrissez \u00e0 l\u2019a\u00e9roport Treviso, vous pouvez prendre le bus ATVO vers Piazzale Roma (station de bus de Venise). De l\u00e0, veuillez suivre le chemin pr\u00e9-cit\u00e9.[\/vc_column_text][vc_empty_space height=\u00a0\u00bb25px\u00a0\u00bb][\/vc_column_inner][\/vc_row_inner][vc_row_inner row_type=\u00a0\u00bbrow\u00a0\u00bb type=\u00a0\u00bbfull_width\u00a0\u00bb text_align=\u00a0\u00bbleft\u00a0\u00bb css_animation=\u00a0\u00bb\u00a0\u00bb][vc_column_inner width=\u00a0\u00bb1\/4&Prime;]<span data-type=\"circle\" data-hover-bg-color=\"#95302f\" data-hover-icon-color=\"#ffffff\" class=\"qode_icon_shortcode fa-stack q_font_awsome_icon_stack fa-4x pull-center \" style=\" \"><i class=\"fa fa-circle fa-stack-base fa-stack-2x\" style=\"color: #95302f;\"><\/i><i class=\"qode_icon_font_awesome fa fa-car qode_icon_element fa-stack-1x\" style=\"color: #ffffff;\" ><\/i><\/span>[\/vc_column_inner][vc_column_inner width=\u00a0\u00bb3\/4&Prime;][vc_empty_space height=\u00a0\u00bb5px\u00a0\u00bb][vc_column_text]<\/p>\n<h3>POUR CEUX ARRIVANT EN VOITURE<\/h3>\n<p>[\/vc_column_text][vc_column_text]<br \/>\nVous pouvez garer votre voiture dans l\u2019un des diff\u00e9rents parkings de Piazzale Roma ou dans le parking Tronchetto. Vous pouvez prendre le bus aquatique \u201cvaporetto\u201d (7,50\u20ac) num\u00e9ro 1,2 ou N, direction San Marco. Le num\u00e9ro 2 restant la meilleure solution \u00e9tant donn\u00e9 qu\u2019il est plus rapide que le service du num\u00e9ro 1. Vous devrez descendre \u00e0 San Marco San Zaccaria (non pas \u00e0 San Marco Vallaresso) et prendre Calle delle Rasse (entre l\u2019h\u00f4tel Danieli et l\u2019h\u00f4tel excelsior Danieli). Marchez tout droit et en fin de la rue tournez \u00e0 droite, puis traversez un petit pont et tournez \u00e0 gauche avant le bar BACARO RISORTO. Continuez dans cette rue jusqu\u2019\u00e0 ce que vous atteigniez le canal et l\u00e0 vous trouverez Residenza Veneziana sur votre droite.[\/vc_column_text][vc_empty_space height=\u00a0\u00bb25px\u00a0\u00bb][\/vc_column_inner][\/vc_row_inner][vc_row_inner row_type=\u00a0\u00bbrow\u00a0\u00bb type=\u00a0\u00bbfull_width\u00a0\u00bb text_align=\u00a0\u00bbleft\u00a0\u00bb css_animation=\u00a0\u00bb\u00a0\u00bb][vc_column_inner width=\u00a0\u00bb1\/4&Prime;]<span data-type=\"circle\" data-hover-bg-color=\"#95302f\" data-hover-icon-color=\"#ffffff\" class=\"qode_icon_shortcode fa-stack q_font_awsome_icon_stack fa-4x pull-center \" style=\" \"><i class=\"fa fa-circle fa-stack-base fa-stack-2x\" style=\"color: #95302f;\"><\/i><i class=\"qode_icon_font_awesome fa fa-train qode_icon_element fa-stack-1x\" style=\"color: #ffffff;\" ><\/i><\/span>[\/vc_column_inner][vc_column_inner width=\u00a0\u00bb3\/4&Prime;][vc_empty_space height=\u00a0\u00bb5px\u00a0\u00bb][vc_column_text]<\/p>\n<h3>POUR CEUX ARRIVANT PAR TRAIN<\/h3>\n<p>[\/vc_column_text][vc_column_text]En sortant de la gare, \u00e0 votre droite, vous pouvez prendre le bus aquatique \u201cvaporetto\u201d (7,50\u20ac) num\u00e9ro 1,2 ou N, direction San Marco. Le num\u00e9ro 2 restant la meilleure solution \u00e9tant donn\u00e9 qu\u2019il est plus rapide que le service du num\u00e9ro 1. Vous devrez descendre \u00e0 San Marco San Zaccaria (non<br \/>\npas \u00e0 San Marco Vallaresso) et prendre Calle delle Rasse (entre l\u2019h\u00f4tel Danieli et l\u2019h\u00f4tel Excelsior Danieli). Marchez tout droit et en fin de la rue tournez \u00e0 droite, puis traversez un petit pont et tournez \u00e0 gauche avant le bar BACARO RISORTO. Continuez dans cette rue jusqu\u2019\u00e0 ce que vous atteigniez le canal et l\u00e0 vous trouverez Residenza Veneziana sur votre droite.[\/vc_column_text][vc_empty_space height=\u00a0\u00bb25px\u00a0\u00bb][\/vc_column_inner][\/vc_row_inner][vc_row_inner row_type=\u00a0\u00bbrow\u00a0\u00bb type=\u00a0\u00bbfull_width\u00a0\u00bb text_align=\u00a0\u00bbleft\u00a0\u00bb css_animation=\u00a0\u00bb\u00a0\u00bb][vc_column_inner width=\u00a0\u00bb1\/4&Prime;]<span data-type=\"circle\" data-hover-bg-color=\"#95302f\" data-hover-icon-color=\"#ffffff\" class=\"qode_icon_shortcode fa-stack q_font_awsome_icon_stack fa-4x pull-center \" style=\" \"><i class=\"fa fa-circle fa-stack-base fa-stack-2x\" style=\"color: #95302f;\"><\/i><i class=\"qode_icon_font_awesome fa fa-map qode_icon_element fa-stack-1x\" style=\"color: #ffffff;\" ><\/i><\/span>[\/vc_column_inner][vc_column_inner width=\u00a0\u00bb3\/4&Prime;][vc_empty_space height=\u00a0\u00bb5px\u00a0\u00bb][vc_column_text]<\/p>\n<h3>POUR CEUX ARRIVANT EN CROISI\u00c8RE<\/h3>\n<p>[\/vc_column_text][vc_column_text]Le meilleur moyen de rejoindre Residenza Veneziana depuis l\u2019a\u00e9roport est de prendre le bateau ALILAGUNA sur la ligne bleue (http:\/\/www.alilaguna.it\/en\/linea-blu\/blu- timetable) et de descendre \u00e0 San Marco San Zaccaria. Le prix du billet est de 8\u20ac (7\u20ac si vous r\u00e9servez en ligne).<br \/>\nDescendez \u00e0 la station San Zaccaria et prenez Calle delle Rasse (entre l\u2019h\u00f4tel Danieli et l\u2019h\u00f4tel excelsior Danieli). Marchez tout droit et en fin de la rue tournez \u00e0 droite, puis traversez un petit pont et tournez \u00e0 gauche avant le bar BACARO RISORTO. Continuez dans cette rue jusqu\u2019\u00e0 ce que<\/p>\n<p>vous atteigniez le canal et l\u00e0 vous trouverez Residenza Veneziana sur votre droite.[\/vc_column_text][vc_empty_space height=\u00a0\u00bb25px\u00a0\u00bb][\/vc_column_inner][\/vc_row_inner][\/vc_column][\/vc_row][vc_row css_animation=\u00a0\u00bb\u00a0\u00bb row_type=\u00a0\u00bbrow\u00a0\u00bb use_row_as_full_screen_section=\u00a0\u00bbno\u00a0\u00bb type=\u00a0\u00bbfull_width\u00a0\u00bb angled_section=\u00a0\u00bbno\u00a0\u00bb text_align=\u00a0\u00bbleft\u00a0\u00bb background_image_as_pattern=\u00a0\u00bbwithout_pattern\u00a0\u00bb background_color=\u00a0\u00bb#2d2d2d\u00a0\u00bb][vc_column][vc_row_inner row_type=\u00a0\u00bbrow\u00a0\u00bb type=\u00a0\u00bbfull_width\u00a0\u00bb text_align=\u00a0\u00bbcenter\u00a0\u00bb background_color=\u00a0\u00bb#2d2d2d\u00a0\u00bb padding_top=\u00a0\u00bb20&Prime; padding_bottom=\u00a0\u00bb20&Prime; css_animation=\u00a0\u00bb\u00a0\u00bb][vc_column_inner][vc_column_text]<\/p>\n<h3 style=\"font-size: 20px; text-align: center;\">T\u00e9l\u00e9charger la carte au format PDF<\/h3>\n<p>[\/vc_column_text][vc_empty_space height=\u00a0\u00bb25px\u00a0\u00bb]<a  itemprop=\"url\" href=\"https:\/\/www.residenzaveneziana.com\/wp-content\/uploads\/2018\/01\/map-fr.pdf\" target=\"_blank\" data-hover-background-color=#935f5a  class=\"qbutton  large center enlarge\" style=\"background-color: #95302f;\">T\u00e9l\u00e9charger<i class=\"qode_icon_font_awesome fa fa-download qode_button_icon_element\" style=\"\" ><\/i><\/a>[\/vc_column_inner][\/vc_row_inner][\/vc_column][\/vc_row]<\/p>\n","protected":false},"excerpt":{"rendered":"<p>[vc_row css_animation=\u00a0\u00bb\u00a0\u00bb row_type=\u00a0\u00bbrow\u00a0\u00bb use_row_as_full_screen_section=\u00a0\u00bbno\u00a0\u00bb type=\u00a0\u00bbfull_width\u00a0\u00bb angled_section=\u00a0\u00bbno\u00a0\u00bb text_align=\u00a0\u00bbleft\u00a0\u00bb background_image_as_pattern=\u00a0\u00bbwithout_pattern\u00a0\u00bb][vc_column][vc_column_text][\/vc_column_text][\/vc_column][\/vc_row][vc_row css_animation=\u00a0\u00bb\u00a0\u00bb row_type=\u00a0\u00bbrow\u00a0\u00bb use_row_as_full_screen_section=\u00a0\u00bbno\u00a0\u00bb type=\u00a0\u00bbgrid\u00a0\u00bb angled_section=\u00a0\u00bbno\u00a0\u00bb text_align=\u00a0\u00bbleft\u00a0\u00bb background_image_as_pattern=\u00a0\u00bbwithout_pattern\u00a0\u00bb padding_top=\u00a0\u00bb40&Prime;][vc_column][vc_column_text] Comment rejoindre la r\u00e9sidence [\/vc_column_text][vc_column_text]La Residenza Veneziana se trouve pr\u00e8s de l\u2019\u00e9glise de San Zaccaria, et \u00e0 quelques pas de la place Saint Marc et du Pont des Soupirs,&#8230;<\/p>\n","protected":false},"author":1,"featured_media":0,"parent":0,"menu_order":0,"comment_status":"closed","ping_status":"closed","template":"full_width.php","meta":[],"aioseo_notices":[],"_links":{"self":[{"href":"https:\/\/www.residenzaveneziana.com\/fr\/wp-json\/wp\/v2\/pages\/515"}],"collection":[{"href":"https:\/\/www.residenzaveneziana.com\/fr\/wp-json\/wp\/v2\/pages"}],"about":[{"href":"https:\/\/www.residenzaveneziana.com\/fr\/wp-json\/wp\/v2\/types\/page"}],"author":[{"embeddable":true,"href":"https:\/\/www.residenzaveneziana.com\/fr\/wp-json\/wp\/v2\/users\/1"}],"replies":[{"embeddable":true,"href":"https:\/\/www.residenzaveneziana.com\/fr\/wp-json\/wp\/v2\/comments?post=515"}],"version-history":[{"count":20,"href":"https:\/\/www.residenzaveneziana.com\/fr\/wp-json\/wp\/v2\/pages\/515\/revisions"}],"predecessor-version":[{"id":637,"href":"https:\/\/www.residenzaveneziana.com\/fr\/wp-json\/wp\/v2\/pages\/515\/revisions\/637"}],"wp:attachment":[{"href":"https:\/\/www.residenzaveneziana.com\/fr\/wp-json\/wp\/v2\/media?parent=515"}],"curies":[{"name":"wp","href":"https:\/\/api.w.org\/{rel}","templated":true}]}}