{"id":550,"date":"2017-12-26T15:38:35","date_gmt":"2017-12-26T14:38:35","guid":{"rendered":"https:\/\/www.residenzaveneziana.com\/ofertas\/"},"modified":"2017-12-26T15:38:35","modified_gmt":"2017-12-26T14:38:35","slug":"ofertas","status":"publish","type":"page","link":"https:\/\/www.residenzaveneziana.com\/es\/ofertas\/","title":{"rendered":"Ofertas"},"content":{"rendered":"<p>[vc_row css_animation=\u00bb\u00bb row_type=\u00bbrow\u00bb use_row_as_full_screen_section=\u00bbno\u00bb type=\u00bbgrid\u00bb angled_section=\u00bbno\u00bb text_align=\u00bbleft\u00bb background_image_as_pattern=\u00bbwithout_pattern\u00bb padding_top=\u00bb40&#8243; padding_bottom=\u00bb40&#8243;][vc_column][vc_column_text]<\/p>\n<h3>Por el momento no hay ofertas activas<\/h3>\n<p><a href=\"https:\/\/residenzaveneziana.com\/contatti\/\">Cont\u00e1ctenos<\/a> para m\u00e1s informaci\u00f3n.[\/vc_column_text][\/vc_column][\/vc_row]<\/p>\n","protected":false},"excerpt":{"rendered":"<p>[vc_row css_animation=\u00bb\u00bb row_type=\u00bbrow\u00bb use_row_as_full_screen_section=\u00bbno\u00bb type=\u00bbgrid\u00bb angled_section=\u00bbno\u00bb text_align=\u00bbleft\u00bb background_image_as_pattern=\u00bbwithout_pattern\u00bb padding_top=\u00bb40&#8243; padding_bottom=\u00bb40&#8243;][vc_column][vc_column_text] Por el momento no hay ofertas activas Cont\u00e1ctenos para m\u00e1s informaci\u00f3n.[\/vc_column_text][\/vc_column][\/vc_row]<\/p>\n","protected":false},"author":1,"featured_media":0,"parent":0,"menu_order":0,"comment_status":"closed","ping_status":"closed","template":"full_width.php","meta":[],"aioseo_notices":[],"_links":{"self":[{"href":"https:\/\/www.residenzaveneziana.com\/es\/wp-json\/wp\/v2\/pages\/550"}],"collection":[{"href":"https:\/\/www.residenzaveneziana.com\/es\/wp-json\/wp\/v2\/pages"}],"about":[{"href":"https:\/\/www.residenzaveneziana.com\/es\/wp-json\/wp\/v2\/types\/page"}],"author":[{"embeddable":true,"href":"https:\/\/www.residenzaveneziana.com\/es\/wp-json\/wp\/v2\/users\/1"}],"replies":[{"embeddable":true,"href":"https:\/\/www.residenzaveneziana.com\/es\/wp-json\/wp\/v2\/comments?post=550"}],"version-history":[{"count":1,"href":"https:\/\/www.residenzaveneziana.com\/es\/wp-json\/wp\/v2\/pages\/550\/revisions"}],"predecessor-version":[{"id":551,"href":"https:\/\/www.residenzaveneziana.com\/es\/wp-json\/wp\/v2\/pages\/550\/revisions\/551"}],"wp:attachment":[{"href":"https:\/\/www.residenzaveneziana.com\/es\/wp-json\/wp\/v2\/media?parent=550"}],"curies":[{"name":"wp","href":"https:\/\/api.w.org\/{rel}","templated":true}]}}