{"id":536,"date":"2017-12-26T15:35:39","date_gmt":"2017-12-26T14:35:39","guid":{"rendered":"https:\/\/www.residenzaveneziana.com\/habitaciones\/"},"modified":"2018-02-05T11:30:15","modified_gmt":"2018-02-05T10:30:15","slug":"habitaciones","status":"publish","type":"page","link":"https:\/\/www.residenzaveneziana.com\/es\/habitaciones\/","title":{"rendered":"Habitaciones"},"content":{"rendered":"<p>[vc_row css_animation=\u00bb\u00bb row_type=\u00bbrow\u00bb use_row_as_full_screen_section=\u00bbno\u00bb type=\u00bbgrid\u00bb angled_section=\u00bbno\u00bb text_align=\u00bbleft\u00bb background_image_as_pattern=\u00bbwithout_pattern\u00bb background_color=\u00bb#212121&#8243; padding_top=\u00bb45&#8243; padding_bottom=\u00bb45&#8243;][vc_column][vc_row_inner row_type=\u00bbrow\u00bb type=\u00bbfull_width\u00bb text_align=\u00bbleft\u00bb css_animation=\u00bb\u00bb][vc_column_inner][vc_column_text]<\/p>\n<h2>HABITACI\u00d3N DOBLE SUPERIOR<\/h2>\n<p>[\/vc_column_text][vc_empty_space][\/vc_column_inner][\/vc_row_inner][vc_row_inner row_type=\u00bbrow\u00bb type=\u00bbfull_width\u00bb text_align=\u00bbleft\u00bb css_animation=\u00bb\u00bb][vc_column_inner width=\u00bb1\/3&#8243;][vc_gallery interval=\u00bb0&#8243; images=\u00bb411,412,413,414,415&#8243; img_size=\u00bb350&#215;270&#8243; direction_nav=\u00bbyes\u00bb control_nav=\u00bbno\u00bb][\/vc_column_inner][vc_column_inner width=\u00bb2\/3&#8243;][vc_column_text]La habitaci\u00f3n doble superior de 16 m\u00b2 (para 2 personas) tiene vistas a un patio veneciano privado. La habitaci\u00f3n cuenta con elegantes cortinas y tapices verdes, muebles cl\u00e1sicos con l\u00e1mparas de ara\u00f1a de Murano y ba\u00f1o privado con ducha. Esta habitaci\u00f3n est\u00e1 disponible con una cama doble o dos camas individuales.<br \/>\nEquipamiento de la habitaci\u00f3n: televisi\u00f3n de pantalla plana, secador de pelo, minibar, art\u00edculos de tocador, aire acondicionado y calefacci\u00f3n con control individual, acceso a internet wi-fi, caja de seguridad, habitaciones para no fumadores.[\/vc_column_text][\/vc_column_inner][\/vc_row_inner][\/vc_column][\/vc_row][vc_row css_animation=\u00bb\u00bb row_type=\u00bbrow\u00bb use_row_as_full_screen_section=\u00bbno\u00bb type=\u00bbgrid\u00bb angled_section=\u00bbno\u00bb text_align=\u00bbleft\u00bb background_image_as_pattern=\u00bbwithout_pattern\u00bb background_color=\u00bb#212121&#8243; padding_top=\u00bb45&#8243; padding_bottom=\u00bb45&#8243;][vc_column][vc_row_inner row_type=\u00bbrow\u00bb type=\u00bbfull_width\u00bb text_align=\u00bbleft\u00bb css_animation=\u00bb\u00bb][vc_column_inner][vc_column_text]<\/p>\n<h2 style=\"text-align: left;\">HABITACI\u00d3N DELUXE TRIPLE CON VISTA AL CANAL<\/h2>\n<p>[\/vc_column_text][vc_empty_space][\/vc_column_inner][\/vc_row_inner][vc_row_inner row_type=\u00bbrow\u00bb type=\u00bbfull_width\u00bb text_align=\u00bbleft\u00bb css_animation=\u00bb\u00bb][vc_column_inner width=\u00bb1\/3&#8243;][vc_gallery interval=\u00bb0&#8243; images=\u00bb404,405,406,407,408,409,410&#8243; img_size=\u00bb350&#215;270&#8243; direction_nav=\u00bbyes\u00bb control_nav=\u00bbno\u00bb][\/vc_column_inner][vc_column_inner width=\u00bb2\/3&#8243;][vc_column_text]La habitaci\u00f3n triple superior de 30 m\u00b2 (para 2 o 3 personas) tiene vistas a un hermoso canal veneciano y desde los dos grandes ventanales se puede disfrutar de las g\u00f3ndolas que pasan todo el d\u00eda. La elegante decoraci\u00f3n est\u00e1 compuesta por un mobiliario cl\u00e1sico con l\u00e1mparas de ara\u00f1a de Murano, tapices y cortinas de oro y ba\u00f1o privado con ducha. La decoraci\u00f3n y el ambiente de la habitaci\u00f3n te transportar\u00e1n al siglo XVIII veneciano con todas las comodidades modernas. Comenzar\u00e1s el d\u00eda con un excelente desayuno italiano en tu habitaci\u00f3n con una hermosa vista al canal.<br \/>\nEquipamiento de la habitaci\u00f3n: televisi\u00f3n de pantalla plana, secador de pelo, minibar, art\u00edculos de tocador, aire acondicionado y calefacci\u00f3n con control individual, acceso a internet wi-fi, caja de seguridad, habitaciones para no fumadores.[\/vc_column_text][\/vc_column_inner][\/vc_row_inner][\/vc_column][\/vc_row][vc_row css_animation=\u00bb\u00bb row_type=\u00bbrow\u00bb use_row_as_full_screen_section=\u00bbno\u00bb type=\u00bbgrid\u00bb angled_section=\u00bbno\u00bb text_align=\u00bbleft\u00bb background_image_as_pattern=\u00bbwithout_pattern\u00bb background_color=\u00bb#2b2b2b\u00bb padding_top=\u00bb45&#8243; padding_bottom=\u00bb45&#8243;][vc_column][vc_row_inner row_type=\u00bbrow\u00bb type=\u00bbfull_width\u00bb text_align=\u00bbleft\u00bb css_animation=\u00bb\u00bb][vc_column_inner][vc_column_text]<\/p>\n<h2 style=\"text-align: left;\">HABITACI\u00d3N TRIPLE SUPERIOR CON VISTA CANAL<\/h2>\n<p>[\/vc_column_text][vc_empty_space][\/vc_column_inner][\/vc_row_inner][vc_row_inner row_type=\u00bbrow\u00bb type=\u00bbfull_width\u00bb text_align=\u00bbleft\u00bb css_animation=\u00bb\u00bb][vc_column_inner width=\u00bb1\/3&#8243;][vc_gallery interval=\u00bb0&#8243; images=\u00bb393,394,395,396,397,398,399,400,401,402,403&#8243; img_size=\u00bb350&#215;270&#8243; direction_nav=\u00bbyes\u00bb control_nav=\u00bbno\u00bb][\/vc_column_inner][vc_column_inner width=\u00bb2\/3&#8243;][vc_column_text]La habitaci\u00f3n superior de 28 m\u00b2 (para 2 o 3 personas) tiene vistas a un hermoso canal veneciano y desde los dos grandes ventanales se puede disfrutar de las g\u00f3ndolas que pasan todo el d\u00eda. La elegante decoraci\u00f3n est\u00e1 compuesta por un mobiliario cl\u00e1sico con l\u00e1mparas de ara\u00f1a de Murano, tapices y cortinas azules y dorados y ba\u00f1o privado con ducha. La decoraci\u00f3n y el ambiente de la habitaci\u00f3n te transportar\u00e1n al siglo XVIII Veneciano con todas las comodidades modernas. Comenzar\u00e1s el d\u00eda con un excelente desayuno italiano en tu habitaci\u00f3n con una hermosa vista al canal.<br \/>\nEquipamiento de la habitaci\u00f3n: televisi\u00f3n de pantalla plana, secador de pelo, minibar, art\u00edculos de tocador, aire acondicionado y calefacci\u00f3n con control individual, acceso a internet wi-fi, caja de seguridad, habitaciones para no fumadores.[\/vc_column_text][\/vc_column_inner][\/vc_row_inner][\/vc_column][\/vc_row]<\/p>\n","protected":false},"excerpt":{"rendered":"<p>[vc_row css_animation=\u00bb\u00bb row_type=\u00bbrow\u00bb use_row_as_full_screen_section=\u00bbno\u00bb type=\u00bbgrid\u00bb angled_section=\u00bbno\u00bb text_align=\u00bbleft\u00bb background_image_as_pattern=\u00bbwithout_pattern\u00bb background_color=\u00bb#212121&#8243; padding_top=\u00bb45&#8243; padding_bottom=\u00bb45&#8243;][vc_column][vc_row_inner row_type=\u00bbrow\u00bb type=\u00bbfull_width\u00bb text_align=\u00bbleft\u00bb css_animation=\u00bb\u00bb][vc_column_inner][vc_column_text] HABITACI\u00d3N DOBLE SUPERIOR [\/vc_column_text][vc_empty_space][\/vc_column_inner][\/vc_row_inner][vc_row_inner row_type=\u00bbrow\u00bb type=\u00bbfull_width\u00bb text_align=\u00bbleft\u00bb css_animation=\u00bb\u00bb][vc_column_inner width=\u00bb1\/3&#8243;][vc_gallery interval=\u00bb0&#8243; images=\u00bb411,412,413,414,415&#8243; img_size=\u00bb350&#215;270&#8243; direction_nav=\u00bbyes\u00bb control_nav=\u00bbno\u00bb][\/vc_column_inner][vc_column_inner width=\u00bb2\/3&#8243;][vc_column_text]La habitaci\u00f3n doble superior de 16 m\u00b2 (para 2 personas) tiene vistas a un patio veneciano&#8230;<\/p>\n","protected":false},"author":1,"featured_media":0,"parent":0,"menu_order":0,"comment_status":"closed","ping_status":"closed","template":"full_width.php","meta":[],"aioseo_notices":[],"_links":{"self":[{"href":"https:\/\/www.residenzaveneziana.com\/es\/wp-json\/wp\/v2\/pages\/536"}],"collection":[{"href":"https:\/\/www.residenzaveneziana.com\/es\/wp-json\/wp\/v2\/pages"}],"about":[{"href":"https:\/\/www.residenzaveneziana.com\/es\/wp-json\/wp\/v2\/types\/page"}],"author":[{"embeddable":true,"href":"https:\/\/www.residenzaveneziana.com\/es\/wp-json\/wp\/v2\/users\/1"}],"replies":[{"embeddable":true,"href":"https:\/\/www.residenzaveneziana.com\/es\/wp-json\/wp\/v2\/comments?post=536"}],"version-history":[{"count":14,"href":"https:\/\/www.residenzaveneziana.com\/es\/wp-json\/wp\/v2\/pages\/536\/revisions"}],"predecessor-version":[{"id":734,"href":"https:\/\/www.residenzaveneziana.com\/es\/wp-json\/wp\/v2\/pages\/536\/revisions\/734"}],"wp:attachment":[{"href":"https:\/\/www.residenzaveneziana.com\/es\/wp-json\/wp\/v2\/media?parent=536"}],"curies":[{"name":"wp","href":"https:\/\/api.w.org\/{rel}","templated":true}]}}