{"id":659,"date":"2018-01-03T11:30:28","date_gmt":"2018-01-03T10:30:28","guid":{"rendered":"https:\/\/www.residenzaveneziana.com\/lage\/"},"modified":"2018-01-03T11:31:49","modified_gmt":"2018-01-03T10:31:49","slug":"lage","status":"publish","type":"page","link":"https:\/\/www.residenzaveneziana.com\/de\/lage\/","title":{"rendered":"Lage"},"content":{"rendered":"<p>[vc_row css_animation=&#8220;&#8220; row_type=&#8220;row&#8220; use_row_as_full_screen_section=&#8220;no&#8220; type=&#8220;full_width&#8220; angled_section=&#8220;no&#8220; text_align=&#8220;left&#8220; background_image_as_pattern=&#8220;without_pattern&#8220;][vc_column][vc_column_text]<div id=\"wpgmza_map\" class=\"wpgmza_map\" data-settings='{\"id\":\"1\",\"map_title\":\"My first map\",\"map_width\":\"100\",\"map_height\":\"900\",\"map_start_lat\":\"45.435562\",\"map_start_lng\":\"12.343305\",\"map_start_location\":\"45.435561944876795,12.343304625246674\",\"map_start_zoom\":\"15\",\"default_marker\":\"0\",\"type\":\"1\",\"alignment\":\"2\",\"directions_enabled\":\"1\",\"styling_enabled\":\"0\",\"styling_json\":\"\",\"active\":\"0\",\"kml\":\"\",\"bicycle\":\"0\",\"traffic\":\"0\",\"dbox\":\"1\",\"dbox_width\":\"100\",\"listmarkers\":\"0\",\"listmarkers_advanced\":\"0\",\"filterbycat\":\"0\",\"ugm_enabled\":\"0\",\"ugm_category_enabled\":\"0\",\"fusion\":\"\",\"map_width_type\":\"\\\\%\",\"map_height_type\":\"px\",\"mass_marker_support\":\"1\",\"ugm_access\":\"0\",\"order_markers_by\":\"1\",\"order_markers_choice\":\"2\",\"show_user_location\":\"0\",\"default_to\":\"\",\"other_settings\":{\"store_locator_enabled\":2,\"store_locator_distance\":2,\"store_locator_default_radius\":\"10\",\"store_locator_not_found_message\":\"No results found in this location. Please try again.\",\"store_locator_bounce\":1,\"store_locator_query_string\":\"CAP \\\/ Indirizzo:\",\"store_locator_default_address\":\"\",\"wpgmza_store_locator_restrict\":\"\",\"map_max_zoom\":\"1\",\"transport_layer\":0,\"wpgmza_theme_data\":\"[ { \\\\\\\"featureType\\\\\\\": \\\\\\\"poi\\\\\\\", \\\\\\\"stylers\\\\\\\": [ { \\\\\\\"visibility\\\\\\\": \\\\\\\"off\\\\\\\" } ] } ]\",\"wpgmza_show_points_of_interest\":1}}' data-map-id='1' Data-maps-engine='' data-shortcode-attributes='{\"id\":\"1\"}' style=\"display:block; overflow:auto; width:100%; height:900px; float:left;\"><\/div>[\/vc_column_text][\/vc_column][\/vc_row][vc_row css_animation=&#8220;&#8220; row_type=&#8220;row&#8220; use_row_as_full_screen_section=&#8220;no&#8220; type=&#8220;grid&#8220; angled_section=&#8220;no&#8220; text_align=&#8220;left&#8220; background_image_as_pattern=&#8220;without_pattern&#8220; padding_top=&#8220;40&#8243;][vc_column][vc_column_text]<\/p>\n<h2>Position<\/h2>\n<p>[\/vc_column_text][vc_column_text]Das Residenza Veneziana liegt sehr nah an der San Zaccaria Kirche und ist lediglich wenige Minuten vom Markus Platz entfernt. Eine typisch Venezianische Gegend mit Kan\u00e4len und Br\u00fccken. Die Location ist das Herz des \u201ewahren\u201c Venedigs in einer beneidenswerten ruhigen Ecke , weg von den Touristen-Trubel ,aber gleichzeitig nah den Attraktionen. San Zaccaria hat zudem eine Station f\u00fcr den Bootstransport zum Flughafen oder Zugbahnhof.[\/vc_column_text][\/vc_column][\/vc_row][vc_row css_animation=&#8220;&#8220; row_type=&#8220;row&#8220; use_row_as_full_screen_section=&#8220;no&#8220; type=&#8220;grid&#8220; angled_section=&#8220;no&#8220; text_align=&#8220;left&#8220; background_image_as_pattern=&#8220;without_pattern&#8220; padding_top=&#8220;25&#8243; padding_bottom=&#8220;60&#8243;][vc_column css=&#8220;.vc_custom_1495189978735{padding-right: 20px !important;}&#8220;][vc_row_inner row_type=&#8220;row&#8220; type=&#8220;full_width&#8220; text_align=&#8220;left&#8220; css_animation=&#8220;&#8220;][vc_column_inner width=&#8220;1\/4&#8243;]<span data-type=\"circle\" data-hover-bg-color=\"#95302f\" data-hover-icon-color=\"#ffffff\" class=\"qode_icon_shortcode fa-stack q_font_awsome_icon_stack fa-4x pull-center \" style=\" \"><i class=\"fa fa-circle fa-stack-base fa-stack-2x\" style=\"color: #95302f;\"><\/i><i class=\"qode_icon_font_awesome fa fa-plane qode_icon_element fa-stack-1x\" style=\"color: #ffffff;\" ><\/i><\/span>[\/vc_column_inner][vc_column_inner width=&#8220;3\/4&#8243;][vc_empty_space height=&#8220;5px&#8220;][vc_column_text]<\/p>\n<h3>Wenn Sie mit dem Flugzeug anreisen:<\/h3>\n<p>[\/vc_column_text][vc_column_text]Der beste Weg zum Residenz veneziana vom Flughafen ist es, das ALILAGUNA Boot die Blaue Linie, zu nehmen (http:\/\/www.alilaguna.it\/en\/linea-blu\/blu-timetable) und an der Station San Marco San Zaccaria auszusteigen. Das ticket kostet 15 Euro (14 Euro wer online bucht).<br \/>\nSteigen Sie San Zaccaria aus und laufen sie durch die Stra\u00dfe\/Gasse \u201eCalle delle Rasse\u201c ( zwischen Hotel Danieli und Danieli Excelsior Hotel) Laufen Sie gerade aus und biegen Sie am Ende der Stra\u00dfe rechts ab, dann \u00fcberqueren Sie eine kleine Br\u00fccke und biegen sie links ab vor der BACARO RISORTO Bar. Folgen Sie der Stra\u00dfe bis Sie den Kanal entdecken, zu ihrer rechten Seite werden sie das Residenz Venezia finden.<br \/>\nEine Alternative Route ist es, den ACTV Bus Nummer 5 oder den bus ATVO (8\u20ac) vom Marco Polo Flughafen zum Piazzale Roma (Venedigs Bus Bahnhof) zu nehmen. Von dort aus nehmen Sie den \u00f6ffentlichen Bootsverkehr (7,50\u20ac) Nummer 1, 2 oder N, in Richtung San Marco. Die Nummer 2 ist die beste und schnellste Verbindung. Sie steigen an San Marco San Zaccaria ( NICHT San Marco Vallaresso) aus. Sie laufen in die Stra\u00dfe \u201eCalle delle Rasse\u201c (zwischen dem Hotel Danieli und dem Danieli Excelsior). Gehen sie<br \/>\ngeradeaus und biegen Sie, am ende der Stra\u00dfe, rechts ab , \u00fcberqueren Sie eine kleine Br\u00fccke und biegen Sie vor der Bar \u201eBACARO RSORTO\u201c links ab. Folgen Sie dem Stra\u00dfenverlauf bis sie den Canal erreichen und zur Ihrer rechten befindet sich das Residenza Veneziana.<br \/>\nWenn Sie in Treviso landen , dann nehmen sie den ATVO bus zum Piazzale Roma und folgen den Anweisungen von oben.[\/vc_column_text][vc_empty_space height=&#8220;25px&#8220;][\/vc_column_inner][\/vc_row_inner][vc_row_inner row_type=&#8220;row&#8220; type=&#8220;full_width&#8220; text_align=&#8220;left&#8220; css_animation=&#8220;&#8220;][vc_column_inner width=&#8220;1\/4&#8243;]<span data-type=\"circle\" data-hover-bg-color=\"#95302f\" data-hover-icon-color=\"#ffffff\" class=\"qode_icon_shortcode fa-stack q_font_awsome_icon_stack fa-4x pull-center \" style=\" \"><i class=\"fa fa-circle fa-stack-base fa-stack-2x\" style=\"color: #95302f;\"><\/i><i class=\"qode_icon_font_awesome fa fa-car qode_icon_element fa-stack-1x\" style=\"color: #ffffff;\" ><\/i><\/span>[\/vc_column_inner][vc_column_inner width=&#8220;3\/4&#8243;][vc_empty_space height=&#8220;5px&#8220;][vc_column_text]<\/p>\n<h3>Wenn Sie mit dem Auto anreisen:<\/h3>\n<p>[\/vc_column_text][vc_column_text]Parken Sie in eine der Parkgaragen am Piazzale Roma oder Tronchetto. Von dort aus nehmen Sie den \u00f6ffentlichen Bootsverkehr (7,50\u20ac) Nummer 1, 2 oder N, in Richtung San Marco. Die Nummer 2 ist die beste und schnellste Verbindung. Sie steigen an San Marco San Zaccaria ( NICHT San Marco Vallaresso) aus. Sie laufen in die Stra\u00dfe \u201eCalle delle Rasse\u201c (zwischen dem Hotel Danieli und dem Danieli Excelsior). Gehen sie geradeaus und biegen Sie, am ende der Stra\u00dfe, rechts ab , \u00fcberqueren Sie eine kleine Br\u00fccke und biegen Sie vor der Bar \u201eBACARO RSORTO\u201c links ab. Folgen Sie dem Stra\u00dfenverlauf bis sie den Canal erreichen und zur Ihrer rechten befindet sich das Residenza Veneziana.[\/vc_column_text][vc_empty_space height=&#8220;25px&#8220;][\/vc_column_inner][\/vc_row_inner][vc_row_inner row_type=&#8220;row&#8220; type=&#8220;full_width&#8220; text_align=&#8220;left&#8220; css_animation=&#8220;&#8220;][vc_column_inner width=&#8220;1\/4&#8243;]<span data-type=\"circle\" data-hover-bg-color=\"#95302f\" data-hover-icon-color=\"#ffffff\" class=\"qode_icon_shortcode fa-stack q_font_awsome_icon_stack fa-4x pull-center \" style=\" \"><i class=\"fa fa-circle fa-stack-base fa-stack-2x\" style=\"color: #95302f;\"><\/i><i class=\"qode_icon_font_awesome fa fa-train qode_icon_element fa-stack-1x\" style=\"color: #ffffff;\" ><\/i><\/span>[\/vc_column_inner][vc_column_inner width=&#8220;3\/4&#8243;][vc_empty_space height=&#8220;5px&#8220;][vc_column_text]<\/p>\n<h3>Wenn Sie mit dem Zug anreisen<\/h3>\n<p>[\/vc_column_text][vc_column_text]Draussen vor dem Bahnhof sehen Sie direkt die \u00f6ffentlichen Wasserboote. Von dort aus nehmen Sie Boot Nummer 1, 2 oder N, in Richtung San Marco. Die Nummer 2 ist die beste und schnellste Verbindung. Sie steigen an San Marco San Zaccaria ( NICHT San Marco Vallaresso) aus. Sie laufen in die Stra\u00dfe \u201eCalle delle Rasse\u201c (zwischen dem Hotel Danieli und dem Danieli Excelsior). Gehen sie geradeaus und biegen Sie, am ende der Stra\u00dfe, rechts ab , \u00fcberqueren Sie eine kleine Br\u00fccke und biegen Sie vor der Bar \u201eBACARO RSORTO\u201c links ab. Folgen Sie dem Stra\u00dfenverlauf bis sie den Canal erreichen und zur Ihrer rechten befindet sich das Residenza Veneziana.[\/vc_column_text][vc_empty_space height=&#8220;25px&#8220;][\/vc_column_inner][\/vc_row_inner][vc_row_inner row_type=&#8220;row&#8220; type=&#8220;full_width&#8220; text_align=&#8220;left&#8220; css_animation=&#8220;&#8220;][vc_column_inner width=&#8220;1\/4&#8243;]<span data-type=\"circle\" data-hover-bg-color=\"#95302f\" data-hover-icon-color=\"#ffffff\" class=\"qode_icon_shortcode fa-stack q_font_awsome_icon_stack fa-4x pull-center \" style=\" \"><i class=\"fa fa-circle fa-stack-base fa-stack-2x\" style=\"color: #95302f;\"><\/i><i class=\"qode_icon_font_awesome fa fa-map qode_icon_element fa-stack-1x\" style=\"color: #ffffff;\" ><\/i><\/span>[\/vc_column_inner][vc_column_inner width=&#8220;3\/4&#8243;][vc_empty_space height=&#8220;5px&#8220;][vc_column_text]<\/p>\n<h3>Wenn Sie mit der F\u00e4hre anreisen:<\/h3>\n<p>[\/vc_column_text][vc_column_text]Der beste Weg zum Residenz veneziana vom Flughafen ist es das ALILAGUNA Boot Blaue Linie, zu nehmen (http:\/\/www.alilaguna.it\/en\/linea-blu\/blu-timetable) und an der Station San Marco San Zaccaria auszusteigen. Das ticket kostet 15 Euro (14 Euro wer online bucht).<br \/>\nVon dort aus nehmen Sie den \u00f6ffentlichen Bootsverkehr (7,50\u20ac) Nummer 1, 2 oder N, in Richtung San Marco. Die Nummer 2 ist die beste und schnellste Verbindung. Sie steigen an San Marco San Zaccaria ( NICHT San Marco Vallaresso) aus. Sie laufen in die Stra\u00dfe \u201eCalle delle Rasse\u201c (zwischen dem Hotel Danieli und dem Danieli Excelsior). Gehen sie geradeaus und biegen Sie, am ende der Stra\u00dfe, rechts ab , \u00fcberqueren Sie eine kleine Br\u00fccke und biegen Sie vor der Bar \u201eBACARO RSORTO\u201c links ab. Folgen Sie dem Stra\u00dfenverlauf bis sie den Canal erreichen und zur Ihrer rechten befindet sich das Residenza Veneziana.[\/vc_column_text][vc_empty_space height=&#8220;25px&#8220;][\/vc_column_inner][\/vc_row_inner][\/vc_column][\/vc_row][vc_row css_animation=&#8220;&#8220; row_type=&#8220;row&#8220; use_row_as_full_screen_section=&#8220;no&#8220; type=&#8220;full_width&#8220; angled_section=&#8220;no&#8220; text_align=&#8220;left&#8220; background_image_as_pattern=&#8220;without_pattern&#8220; background_color=&#8220;#2d2d2d&#8220;][vc_column][vc_row_inner row_type=&#8220;row&#8220; type=&#8220;full_width&#8220; text_align=&#8220;center&#8220; background_color=&#8220;#2d2d2d&#8220; padding_top=&#8220;20&#8243; padding_bottom=&#8220;20&#8243; css_animation=&#8220;&#8220;][vc_column_inner][vc_column_text]<\/p>\n<h3 style=\"font-size: 20px; text-align: center;\">Laden Sie die Karte im PDF-Format herunter<\/h3>\n<p>[\/vc_column_text][vc_empty_space height=&#8220;25px&#8220;]<a  itemprop=\"url\" href=\"https:\/\/www.residenzaveneziana.com\/wp-content\/uploads\/2018\/01\/map-de.pdf\" target=\"_blank\" data-hover-background-color=#935f5a  class=\"qbutton  large center enlarge\" style=\"background-color: #95302f;\">Download<i class=\"qode_icon_font_awesome fa fa-download qode_button_icon_element\" style=\"\" ><\/i><\/a>[\/vc_column_inner][\/vc_row_inner][\/vc_column][\/vc_row]<\/p>\n","protected":false},"excerpt":{"rendered":"<p>[vc_row css_animation=&#8220;&#8220; row_type=&#8220;row&#8220; use_row_as_full_screen_section=&#8220;no&#8220; type=&#8220;full_width&#8220; angled_section=&#8220;no&#8220; text_align=&#8220;left&#8220; background_image_as_pattern=&#8220;without_pattern&#8220;][vc_column][vc_column_text][\/vc_column_text][\/vc_column][\/vc_row][vc_row css_animation=&#8220;&#8220; row_type=&#8220;row&#8220; use_row_as_full_screen_section=&#8220;no&#8220; type=&#8220;grid&#8220; angled_section=&#8220;no&#8220; text_align=&#8220;left&#8220; background_image_as_pattern=&#8220;without_pattern&#8220; padding_top=&#8220;40&#8243;][vc_column][vc_column_text] Position [\/vc_column_text][vc_column_text]Das Residenza Veneziana liegt sehr nah an der San Zaccaria Kirche und ist lediglich wenige Minuten vom Markus Platz entfernt. Eine typisch Venezianische Gegend mit Kan\u00e4len und Br\u00fccken&#8230;.<\/p>\n","protected":false},"author":1,"featured_media":0,"parent":0,"menu_order":0,"comment_status":"closed","ping_status":"closed","template":"full_width.php","meta":[],"aioseo_notices":[],"_links":{"self":[{"href":"https:\/\/www.residenzaveneziana.com\/de\/wp-json\/wp\/v2\/pages\/659"}],"collection":[{"href":"https:\/\/www.residenzaveneziana.com\/de\/wp-json\/wp\/v2\/pages"}],"about":[{"href":"https:\/\/www.residenzaveneziana.com\/de\/wp-json\/wp\/v2\/types\/page"}],"author":[{"embeddable":true,"href":"https:\/\/www.residenzaveneziana.com\/de\/wp-json\/wp\/v2\/users\/1"}],"replies":[{"embeddable":true,"href":"https:\/\/www.residenzaveneziana.com\/de\/wp-json\/wp\/v2\/comments?post=659"}],"version-history":[{"count":13,"href":"https:\/\/www.residenzaveneziana.com\/de\/wp-json\/wp\/v2\/pages\/659\/revisions"}],"predecessor-version":[{"id":673,"href":"https:\/\/www.residenzaveneziana.com\/de\/wp-json\/wp\/v2\/pages\/659\/revisions\/673"}],"wp:attachment":[{"href":"https:\/\/www.residenzaveneziana.com\/de\/wp-json\/wp\/v2\/media?parent=659"}],"curies":[{"name":"wp","href":"https:\/\/api.w.org\/{rel}","templated":true}]}}